{"id":91,"date":"2026-04-15T23:28:14","date_gmt":"2026-04-15T21:28:14","guid":{"rendered":"http:\/\/christanell.2k-media.de\/?page_id=91"},"modified":"2026-05-02T15:43:02","modified_gmt":"2026-05-02T13:43:02","slug":"career-path-leadership-coaching-vienna","status":"publish","type":"page","link":"https:\/\/christanell.net\/en\/career-path-leadership-coaching-vienna\/","title":{"rendered":"Career"},"content":{"rendered":"<div data-elementor-type=\"wp-page\" data-elementor-id=\"91\" class=\"elementor elementor-91\">\n\t\t\t\t\t\t<section class=\"elementor-section elementor-top-section elementor-element elementor-element-cbfc8b1 elementor-section-stretched elementor-section-boxed elementor-section-height-default elementor-section-height-default wpr-particle-no wpr-jarallax-no wpr-parallax-no wpr-sticky-section-no wpr-equal-height-no\" data-id=\"cbfc8b1\" data-element_type=\"section\" data-e-type=\"section\" data-settings=\"{&quot;stretch_section&quot;:&quot;section-stretched&quot;,&quot;background_background&quot;:&quot;classic&quot;}\">\n\t\t\t\t\t\t<div class=\"elementor-container elementor-column-gap-wider\">\n\t\t\t\t\t<div class=\"elementor-column elementor-col-100 elementor-top-column elementor-element elementor-element-680e8d1\" data-id=\"680e8d1\" data-element_type=\"column\" data-e-type=\"column\">\n\t\t\t<div class=\"elementor-widget-wrap elementor-element-populated\">\n\t\t\t\t\t\t<div class=\"elementor-element elementor-element-4e59421 elementor-widget elementor-widget-heading\" data-id=\"4e59421\" data-element_type=\"widget\" data-e-type=\"widget\" data-widget_type=\"heading.default\">\n\t\t\t\t\t<h1 class=\"elementor-heading-title elementor-size-default\">Career path Leadership coaching for managers<\/h1>\t\t\t\t<\/div>\n\t\t\t\t<section class=\"elementor-section elementor-inner-section elementor-element elementor-element-f617f0a elementor-section-boxed elementor-section-height-default elementor-section-height-default wpr-particle-no wpr-jarallax-no wpr-parallax-no wpr-sticky-section-no wpr-equal-height-no\" data-id=\"f617f0a\" data-element_type=\"section\" data-e-type=\"section\">\n\t\t\t\t\t\t<div class=\"elementor-container elementor-column-gap-wider\">\n\t\t\t\t\t<div class=\"elementor-column elementor-col-50 elementor-inner-column elementor-element elementor-element-d7950e9\" data-id=\"d7950e9\" data-element_type=\"column\" data-e-type=\"column\" data-settings=\"{&quot;background_background&quot;:&quot;classic&quot;}\">\n\t\t\t<div class=\"elementor-widget-wrap elementor-element-populated\">\n\t\t\t\t\t\t<div class=\"elementor-element elementor-element-7d96c6f elementor-widget elementor-widget-text-editor\" data-id=\"7d96c6f\" data-element_type=\"widget\" data-e-type=\"widget\" data-widget_type=\"text-editor.default\">\n\t\t\t\t\t\t\t\t\t<div id=\"nospace\" class=\"tm_pb_text tm_pb_module tm_pb_bg_layout_light tm_pb_text_align_left main-title tm_pb_text_0\"><h2><span style=\"color: #353189;\"><strong>Kilian Christanell - lead confidently, live confidently<\/strong><\/span><\/h2><\/div><div class=\"tm_pb_text tm_pb_module tm_pb_bg_layout_light tm_pb_text_align_left tm_pb_text_1\"><h5><span style=\"color: #353189;\"><strong>Leadership coach - personality trainer - moderator<\/strong><\/span><\/h5><\/div>\t\t\t\t\t\t\t\t<\/div>\n\t\t\t\t<div class=\"elementor-element elementor-element-b43b05d elementor-widget elementor-widget-text-editor\" data-id=\"b43b05d\" data-element_type=\"widget\" data-e-type=\"widget\" data-widget_type=\"text-editor.default\">\n\t\t\t\t\t\t\t\t\t<ul><li>Management consultant including business organization, marketing and sales<\/li><li>20 years of experience as a manager in marketing, customer service and sales<\/li><li>Studied business administration at the Vienna University of Economics and Business<\/li><li>Semester abroad University of Nebraska Omaha, USA<\/li><\/ul>\t\t\t\t\t\t\t\t<\/div>\n\t\t\t\t<div class=\"elementor-element elementor-element-e665177 elementor-widget elementor-widget-text-editor\" data-id=\"e665177\" data-element_type=\"widget\" data-e-type=\"widget\" data-widget_type=\"text-editor.default\">\n\t\t\t\t\t\t\t\t\t<p>I was born and grew up in Bolzano, South Tyrol (Italy). After attending the commercial academy, I moved to Vienna (1989). The reason for this was to study economics.<\/p><p>During my studies, I already worked part-time and gained my first professional experience in market research. I then gained further professional experience in quality management at Erste Bank. In 1998, I accepted an exciting job offer at the Austrian Computer Society. The European Computer Driving License was about to be rolled out in Austria. I was to play a very important part in the success story of the ECDL. For 19 years, I worked in many areas, such as quality assurance, customer service, sales and marketing. Even back then, I was very interested in dealing with employees and customers. I got to know so many different people and this is where my passion came from, which I pursue today.<\/p><p>Before I took the plunge into self-employment, I worked for two other companies (IT security, software development) as Partner Manager and Head of Sales.<\/p><p>At the beginning of 2020, I started my own business. In preparation for this, I mentally returned to my childhood and youth and felt my way back. Many deep friendships were formed back then because the exchange with people was so important to me and still is today. This exchange had such a strong influence on me and I encountered it every day, especially in my professional life. It was the countless business relationships in my business life to date, the many partnerships with so many customers, which were also confirmed to me time and again by the other side, that moved and drove me to delve deeper into this. Consulting and sales were so closely intertwined. Managing employees in my various sales teams also helped me to further increase my empathy and individual perception. I am now ready to share this wealth of experience and expertise with my future customers.<\/p><p>Today I live mostly in Vienna. I am married and have 2 grown-up children, a son and a daughter.<\/p><p>I prefer to spend my free time and vacations in the Dolomites (South Tyrol).<\/p>\t\t\t\t\t\t\t\t<\/div>\n\t\t\t\t\t<\/div>\n\t\t<\/div>\n\t\t\t\t<div class=\"elementor-column elementor-col-50 elementor-inner-column elementor-element elementor-element-ce48bbe\" data-id=\"ce48bbe\" data-element_type=\"column\" data-e-type=\"column\" data-settings=\"{&quot;background_background&quot;:&quot;classic&quot;}\">\n\t\t\t<div class=\"elementor-widget-wrap elementor-element-populated\">\n\t\t\t\t\t\t<div class=\"elementor-element elementor-element-322d5e9 elementor-widget elementor-widget-spacer\" data-id=\"322d5e9\" data-element_type=\"widget\" data-e-type=\"widget\" data-widget_type=\"spacer.default\">\n\t\t\t\t\t\t\t<div class=\"elementor-spacer\">\n\t\t\t<div class=\"elementor-spacer-inner\"><\/div>\n\t\t<\/div>\n\t\t\t\t\t\t<\/div>\n\t\t\t\t\t<\/div>\n\t\t<\/div>\n\t\t\t\t\t<\/div>\n\t\t<\/section>\n\t\t\t\t\t<\/div>\n\t\t<\/div>\n\t\t\t\t\t<\/div>\n\t\t<\/section>\n\t\t\t\t<section class=\"elementor-section elementor-top-section elementor-element elementor-element-ee278ae elementor-section-content-middle elementor-section-stretched elementor-section-full_width elementor-section-height-default elementor-section-height-default wpr-particle-no wpr-jarallax-no wpr-parallax-no wpr-sticky-section-no wpr-equal-height-no\" data-id=\"ee278ae\" data-element_type=\"section\" data-e-type=\"section\" data-settings=\"{&quot;stretch_section&quot;:&quot;section-stretched&quot;,&quot;background_background&quot;:&quot;classic&quot;}\">\n\t\t\t\t\t\t<div class=\"elementor-container elementor-column-gap-no\">\n\t\t\t\t\t<div class=\"elementor-column elementor-col-100 elementor-top-column elementor-element elementor-element-209dd16\" data-id=\"209dd16\" data-element_type=\"column\" data-e-type=\"column\">\n\t\t\t<div class=\"elementor-widget-wrap elementor-element-populated\">\n\t\t\t\t\t\t<div class=\"elementor-element elementor-element-915a1c5 elementor-widget elementor-widget-spacer\" data-id=\"915a1c5\" data-element_type=\"widget\" data-e-type=\"widget\" data-widget_type=\"spacer.default\">\n\t\t\t\t\t\t\t<div class=\"elementor-spacer\">\n\t\t\t<div class=\"elementor-spacer-inner\"><\/div>\n\t\t<\/div>\n\t\t\t\t\t\t<\/div>\n\t\t\t\t\t<\/div>\n\t\t<\/div>\n\t\t\t\t\t<\/div>\n\t\t<\/section>\n\t\t\t\t<\/div>","protected":false},"excerpt":{"rendered":"<p>Werdegang Leadership Coaching f\u00fcr F\u00fchrungskr\u00e4fte Kilian Christanell \u2013 selbstsicher f\u00fchren, selbstbewusst leben Leadership Coach \u2013 Pers\u00f6nlichkeitstrainer \u2013 Moderator Unternehmensberater einschlie\u00dflich Unternehmensorganisation, Marketing und Vertrieb 20 Jahre<span class=\"excerpt-hellip\"> [\u2026]<\/span><\/p>\n","protected":false},"author":1,"featured_media":0,"parent":0,"menu_order":0,"comment_status":"open","ping_status":"closed","template":"","meta":{"footnotes":""},"class_list":["post-91","page","type-page","status-publish","hentry"],"acf":[],"_links":{"self":[{"href":"https:\/\/christanell.net\/en\/wp-json\/wp\/v2\/pages\/91","targetHints":{"allow":["GET"]}}],"collection":[{"href":"https:\/\/christanell.net\/en\/wp-json\/wp\/v2\/pages"}],"about":[{"href":"https:\/\/christanell.net\/en\/wp-json\/wp\/v2\/types\/page"}],"author":[{"embeddable":true,"href":"https:\/\/christanell.net\/en\/wp-json\/wp\/v2\/users\/1"}],"replies":[{"embeddable":true,"href":"https:\/\/christanell.net\/en\/wp-json\/wp\/v2\/comments?post=91"}],"version-history":[{"count":89,"href":"https:\/\/christanell.net\/en\/wp-json\/wp\/v2\/pages\/91\/revisions"}],"predecessor-version":[{"id":1542,"href":"https:\/\/christanell.net\/en\/wp-json\/wp\/v2\/pages\/91\/revisions\/1542"}],"wp:attachment":[{"href":"https:\/\/christanell.net\/en\/wp-json\/wp\/v2\/media?parent=91"}],"curies":[{"name":"wp","href":"https:\/\/api.w.org\/{rel}","templated":true}]}}