{"id":90,"date":"2026-04-18T10:32:17","date_gmt":"2026-04-18T08:32:17","guid":{"rendered":"http:\/\/christanell.2k-media.de\/?page_id=90"},"modified":"2026-04-29T13:14:22","modified_gmt":"2026-04-29T11:14:22","slug":"customer-testimonials-leadership-coaching-vienna","status":"publish","type":"page","link":"https:\/\/christanell.net\/en\/customer-testimonials-leadership-coaching-vienna\/","title":{"rendered":"Customer Testimonials"},"content":{"rendered":"<div data-elementor-type=\"wp-page\" data-elementor-id=\"90\" class=\"elementor elementor-90\">\n\t\t\t\t\t\t<section class=\"elementor-section elementor-top-section elementor-element elementor-element-de8ce63 elementor-section-stretched elementor-section-boxed elementor-section-height-default elementor-section-height-default wpr-particle-no wpr-jarallax-no wpr-parallax-no wpr-sticky-section-no wpr-equal-height-no\" data-id=\"de8ce63\" data-element_type=\"section\" data-e-type=\"section\" data-settings=\"{&quot;stretch_section&quot;:&quot;section-stretched&quot;,&quot;background_background&quot;:&quot;classic&quot;}\">\n\t\t\t\t\t\t<div class=\"elementor-container elementor-column-gap-wider\">\n\t\t\t\t\t<div class=\"elementor-column elementor-col-100 elementor-top-column elementor-element elementor-element-07da54d\" data-id=\"07da54d\" data-element_type=\"column\" data-e-type=\"column\">\n\t\t\t<div class=\"elementor-widget-wrap elementor-element-populated\">\n\t\t\t\t\t\t<div class=\"elementor-element elementor-element-788f626 elementor-widget elementor-widget-heading\" data-id=\"788f626\" data-element_type=\"widget\" data-e-type=\"widget\" data-widget_type=\"heading.default\">\n\t\t\t\t\t<h1 class=\"elementor-heading-title elementor-size-default\">Client testimonials Leadership coaching for Managers<\/h1>\t\t\t\t<\/div>\n\t\t\t\t<section class=\"elementor-section elementor-inner-section elementor-element elementor-element-956f9e9 elementor-section-boxed elementor-section-height-default elementor-section-height-default wpr-particle-no wpr-jarallax-no wpr-parallax-no wpr-sticky-section-no wpr-equal-height-no\" data-id=\"956f9e9\" data-element_type=\"section\" data-e-type=\"section\">\n\t\t\t\t\t\t<div class=\"elementor-container elementor-column-gap-wider\">\n\t\t\t\t\t<div class=\"elementor-column elementor-col-50 elementor-inner-column elementor-element elementor-element-a5b1d70\" data-id=\"a5b1d70\" data-element_type=\"column\" data-e-type=\"column\" data-settings=\"{&quot;background_background&quot;:&quot;classic&quot;}\">\n\t\t\t<div class=\"elementor-widget-wrap elementor-element-populated\">\n\t\t\t\t\t\t<div class=\"elementor-element elementor-element-8eafa45 elementor-widget elementor-widget-text-editor\" data-id=\"8eafa45\" data-element_type=\"widget\" data-e-type=\"widget\" data-widget_type=\"text-editor.default\">\n\t\t\t\t\t\t\t\t\t<p><strong>Leadership Coaching<\/strong><\/p><p>\u201eKilian supported me during an important phase - the handover of the company.<br \/>His calm manner, targeted questions and strategic view helped me to see my strengths more clearly and take bold steps. I found exactly the coach I needed in him.\u201c<\/p><p><em><strong>- Natalie, entrepreneur<\/strong><\/em><\/p>\t\t\t\t\t\t\t\t<\/div>\n\t\t\t\t<div class=\"elementor-element elementor-element-0d3995c elementor-widget elementor-widget-spacer\" data-id=\"0d3995c\" data-element_type=\"widget\" data-e-type=\"widget\" data-widget_type=\"spacer.default\">\n\t\t\t\t\t\t\t<div class=\"elementor-spacer\">\n\t\t\t<div class=\"elementor-spacer-inner\"><\/div>\n\t\t<\/div>\n\t\t\t\t\t\t<\/div>\n\t\t\t\t<div class=\"elementor-element elementor-element-0de8b96 elementor-widget elementor-widget-text-editor\" data-id=\"0de8b96\" data-element_type=\"widget\" data-e-type=\"widget\" data-widget_type=\"text-editor.default\">\n\t\t\t\t\t\t\t\t\t<p><strong>Personality training<\/strong><\/p><p>\u201eI was in a phase where a lot of things were unclear, both professionally and privately. Thanks to Kilian's honest, respectful conversations, I gradually found my bearings again. Many question marks became exclamation marks. I am grateful to have found the right support.\u201c<\/p><p><em><strong>- Gabriela<\/strong><\/em><\/p>\t\t\t\t\t\t\t\t<\/div>\n\t\t\t\t<div class=\"elementor-element elementor-element-2b54911 elementor-widget elementor-widget-spacer\" data-id=\"2b54911\" data-element_type=\"widget\" data-e-type=\"widget\" data-widget_type=\"spacer.default\">\n\t\t\t\t\t\t\t<div class=\"elementor-spacer\">\n\t\t\t<div class=\"elementor-spacer-inner\"><\/div>\n\t\t<\/div>\n\t\t\t\t\t\t<\/div>\n\t\t\t\t<div class=\"elementor-element elementor-element-c24764e elementor-widget elementor-widget-text-editor\" data-id=\"c24764e\" data-element_type=\"widget\" data-e-type=\"widget\" data-widget_type=\"text-editor.default\">\n\t\t\t\t\t\t\t\t\t<p><strong>Retreat moderation<\/strong><\/p><p>\u201eKilian picked up our team with great sensitivity. The preparatory discussions were the key to a productive weekend. I was particularly impressed by the way he built trust and managed difficult topics well. My expectations were exceeded.\u201c<\/p><p><em><strong>- Thomas, Hotel Manager<\/strong><\/em><\/p>\t\t\t\t\t\t\t\t<\/div>\n\t\t\t\t<div class=\"elementor-element elementor-element-3ad5349 elementor-widget elementor-widget-spacer\" data-id=\"3ad5349\" data-element_type=\"widget\" data-e-type=\"widget\" data-widget_type=\"spacer.default\">\n\t\t\t\t\t\t\t<div class=\"elementor-spacer\">\n\t\t\t<div class=\"elementor-spacer-inner\"><\/div>\n\t\t<\/div>\n\t\t\t\t\t\t<\/div>\n\t\t\t\t<div class=\"elementor-element elementor-element-e6f20dc elementor-widget elementor-widget-text-editor\" data-id=\"e6f20dc\" data-element_type=\"widget\" data-e-type=\"widget\" data-widget_type=\"text-editor.default\">\n\t\t\t\t\t\t\t\t\t<div><strong>Strengthened team spirit<\/strong><\/div><div>\u00a0<\/div><div>\u201eThe unanimous opinion of the team: the sense of togetherness was strengthened, nobody had the feeling that tasks were being distributed over their heads. The pleasant framework of the retreat allowed us to find a structure of our own accord for how and when we transfer knowledge and reorganise ourselves. THANK YOU Kilian!\u201c<\/div><div>\u00a0<\/div><div><em><strong>- Eva, University of Vienna<\/strong><\/em><\/div>\t\t\t\t\t\t\t\t<\/div>\n\t\t\t\t<div class=\"elementor-element elementor-element-03acd84 elementor-widget elementor-widget-spacer\" data-id=\"03acd84\" data-element_type=\"widget\" data-e-type=\"widget\" data-widget_type=\"spacer.default\">\n\t\t\t\t\t\t\t<div class=\"elementor-spacer\">\n\t\t\t<div class=\"elementor-spacer-inner\"><\/div>\n\t\t<\/div>\n\t\t\t\t\t\t<\/div>\n\t\t\t\t<div class=\"elementor-element elementor-element-c0773b2 elementor-widget elementor-widget-text-editor\" data-id=\"c0773b2\" data-element_type=\"widget\" data-e-type=\"widget\" data-widget_type=\"text-editor.default\">\n\t\t\t\t\t\t\t\t\t<div><strong>New perspectives for everyday working life<\/strong><\/div><div>\u00a0<\/div><div>\u201eDear Kilian, thank you very much for changing my perspective on my timeline. You've shown me lots of great new opportunities for my day-to-day work.\u201c<\/div><div>\u00a0<\/div><div><em><strong>- Peter<\/strong><\/em><\/div>\t\t\t\t\t\t\t\t<\/div>\n\t\t\t\t<div class=\"elementor-element elementor-element-baa6d92 elementor-widget elementor-widget-spacer\" data-id=\"baa6d92\" data-element_type=\"widget\" data-e-type=\"widget\" data-widget_type=\"spacer.default\">\n\t\t\t\t\t\t\t<div class=\"elementor-spacer\">\n\t\t\t<div class=\"elementor-spacer-inner\"><\/div>\n\t\t<\/div>\n\t\t\t\t\t\t<\/div>\n\t\t\t\t<div class=\"elementor-element elementor-element-6918d52 elementor-widget elementor-widget-text-editor\" data-id=\"6918d52\" data-element_type=\"widget\" data-e-type=\"widget\" data-widget_type=\"text-editor.default\">\n\t\t\t\t\t\t\t\t\t<div><strong>Motivation with a real climbing aid<\/strong><\/div><div>\u00a0<\/div><div>\u201eKilian knows how to motivate and energise in a very empathetic and unobtrusive way. He makes the seemingly insurmountable seem feasible and the subsequent ascent of one mountain or another together becomes a sense of achievement. Thank you for your climbing help, dear Kilian!\u201c<\/div><div>\u00a0<\/div><div><em><strong>- Sabina<\/strong><\/em><\/div>\t\t\t\t\t\t\t\t<\/div>\n\t\t\t\t<div class=\"elementor-element elementor-element-3ec494f elementor-widget elementor-widget-spacer\" data-id=\"3ec494f\" data-element_type=\"widget\" data-e-type=\"widget\" data-widget_type=\"spacer.default\">\n\t\t\t\t\t\t\t<div class=\"elementor-spacer\">\n\t\t\t<div class=\"elementor-spacer-inner\"><\/div>\n\t\t<\/div>\n\t\t\t\t\t\t<\/div>\n\t\t\t\t<div class=\"elementor-element elementor-element-80782b2 elementor-widget elementor-widget-text-editor\" data-id=\"80782b2\" data-element_type=\"widget\" data-e-type=\"widget\" data-widget_type=\"text-editor.default\">\n\t\t\t\t\t\t\t\t\t<div><strong>Solutions emerge through dialogue<\/strong><\/div><div>\u00a0<\/div><div>\u201eYou are excellent at connecting with your counterpart, taking in information in a non-judgemental way in a loving setting and intuitively asking the right questions to bring about the solution.\u201c<\/div><div>\u00a0<\/div><div><em><strong>- Patricia<\/strong><\/em><\/div>\t\t\t\t\t\t\t\t<\/div>\n\t\t\t\t<div class=\"elementor-element elementor-element-7417fd8 elementor-widget elementor-widget-spacer\" data-id=\"7417fd8\" data-element_type=\"widget\" data-e-type=\"widget\" data-widget_type=\"spacer.default\">\n\t\t\t\t\t\t\t<div class=\"elementor-spacer\">\n\t\t\t<div class=\"elementor-spacer-inner\"><\/div>\n\t\t<\/div>\n\t\t\t\t\t\t<\/div>\n\t\t\t\t<div class=\"elementor-element elementor-element-c19b96b elementor-widget elementor-widget-text-editor\" data-id=\"c19b96b\" data-element_type=\"widget\" data-e-type=\"widget\" data-widget_type=\"text-editor.default\">\n\t\t\t\t\t\t\t\t\t<div><strong>Recognising and developing potential<\/strong><\/div><div>\u00a0<\/div><div>\u201eMr Christanell naturally creates an open and empathetic atmosphere for dialogue with a feel-good factor. In his online coaching sessions, he also succeeds in recognising the potential and sticking points of his counterpart very quickly and working on them in a targeted and relaxed manner. His practical tips are optimally tailored to the respective personality structure.\u201c<\/div><div>\u00a0<\/div><div><em><strong>- Mark\u00a0<\/strong><\/em><\/div>\t\t\t\t\t\t\t\t<\/div>\n\t\t\t\t<div class=\"elementor-element elementor-element-3b6a4a1 elementor-widget elementor-widget-spacer\" data-id=\"3b6a4a1\" data-element_type=\"widget\" data-e-type=\"widget\" data-widget_type=\"spacer.default\">\n\t\t\t\t\t\t\t<div class=\"elementor-spacer\">\n\t\t\t<div class=\"elementor-spacer-inner\"><\/div>\n\t\t<\/div>\n\t\t\t\t\t\t<\/div>\n\t\t\t\t<div class=\"elementor-element elementor-element-1c68273 elementor-widget elementor-widget-text-editor\" data-id=\"1c68273\" data-element_type=\"widget\" data-e-type=\"widget\" data-widget_type=\"text-editor.default\">\n\t\t\t\t\t\t\t\t\t<div><strong>Lightness through transformation<\/strong><\/div><div>\u00a0<\/div><div>\u201eYou encourage your clients to live their emotions, you know how to pick them up at the right moment by picking up exactly where your counterpart stops and thus enable them to flow, which leads to more lightness in being due to the transformation of these emotions.\u201c<\/div><div>\u00a0<\/div><div><em><strong>- Patricia<\/strong><\/em><\/div>\t\t\t\t\t\t\t\t<\/div>\n\t\t\t\t\t<\/div>\n\t\t<\/div>\n\t\t\t\t<div class=\"elementor-column elementor-col-50 elementor-inner-column elementor-element elementor-element-b3672c4\" data-id=\"b3672c4\" data-element_type=\"column\" data-e-type=\"column\" data-settings=\"{&quot;background_background&quot;:&quot;classic&quot;}\">\n\t\t\t<div class=\"elementor-widget-wrap elementor-element-populated\">\n\t\t\t\t\t\t<div class=\"elementor-element elementor-element-5a5269f elementor-widget elementor-widget-text-editor\" data-id=\"5a5269f\" data-element_type=\"widget\" data-e-type=\"widget\" data-widget_type=\"text-editor.default\">\n\t\t\t\t\t\t\t\t\t<h2>WHAT OTHERS SAY ABOUT ME<\/h2>\t\t\t\t\t\t\t\t<\/div>\n\t\t\t\t<div class=\"elementor-element elementor-element-3d56828 elementor-widget elementor-widget-spacer\" data-id=\"3d56828\" data-element_type=\"widget\" data-e-type=\"widget\" data-widget_type=\"spacer.default\">\n\t\t\t\t\t\t\t<div class=\"elementor-spacer\">\n\t\t\t<div class=\"elementor-spacer-inner\"><\/div>\n\t\t<\/div>\n\t\t\t\t\t\t<\/div>\n\t\t\t\t\t<\/div>\n\t\t<\/div>\n\t\t\t\t\t<\/div>\n\t\t<\/section>\n\t\t\t\t\t<\/div>\n\t\t<\/div>\n\t\t\t\t\t<\/div>\n\t\t<\/section>\n\t\t\t\t<section class=\"elementor-section elementor-top-section elementor-element elementor-element-8ea69c3 elementor-section-stretched elementor-section-full_width elementor-section-height-default elementor-section-height-default wpr-particle-no wpr-jarallax-no wpr-parallax-no wpr-sticky-section-no wpr-equal-height-no\" data-id=\"8ea69c3\" data-element_type=\"section\" data-e-type=\"section\" data-settings=\"{&quot;stretch_section&quot;:&quot;section-stretched&quot;,&quot;background_background&quot;:&quot;classic&quot;}\">\n\t\t\t\t\t\t<div class=\"elementor-container elementor-column-gap-no\">\n\t\t\t\t\t<div class=\"elementor-column elementor-col-100 elementor-top-column elementor-element elementor-element-5eff47a\" data-id=\"5eff47a\" data-element_type=\"column\" data-e-type=\"column\">\n\t\t\t<div class=\"elementor-widget-wrap elementor-element-populated\">\n\t\t\t\t\t\t<div class=\"elementor-element elementor-element-e5b02af elementor-widget elementor-widget-spacer\" data-id=\"e5b02af\" data-element_type=\"widget\" data-e-type=\"widget\" data-widget_type=\"spacer.default\">\n\t\t\t\t\t\t\t<div class=\"elementor-spacer\">\n\t\t\t<div class=\"elementor-spacer-inner\"><\/div>\n\t\t<\/div>\n\t\t\t\t\t\t<\/div>\n\t\t\t\t\t<\/div>\n\t\t<\/div>\n\t\t\t\t\t<\/div>\n\t\t<\/section>\n\t\t\t\t<\/div>","protected":false},"excerpt":{"rendered":"<p>Kundenstimmen Leadership Coaching f\u00fcr F\u00fchrungskr\u00e4fte Leadership Coaching \u201eKilian hat mich in einer wichtigen Phase \u2013 der Unternehmens\u00fcbergabe \u2013 begleitet.Seine ruhige Art, die gezielten Fragen und sein<span class=\"excerpt-hellip\"> [\u2026]<\/span><\/p>\n","protected":false},"author":1,"featured_media":0,"parent":0,"menu_order":0,"comment_status":"open","ping_status":"closed","template":"","meta":{"footnotes":""},"class_list":["post-90","page","type-page","status-publish","hentry"],"acf":[],"_links":{"self":[{"href":"https:\/\/christanell.net\/en\/wp-json\/wp\/v2\/pages\/90","targetHints":{"allow":["GET"]}}],"collection":[{"href":"https:\/\/christanell.net\/en\/wp-json\/wp\/v2\/pages"}],"about":[{"href":"https:\/\/christanell.net\/en\/wp-json\/wp\/v2\/types\/page"}],"author":[{"embeddable":true,"href":"https:\/\/christanell.net\/en\/wp-json\/wp\/v2\/users\/1"}],"replies":[{"embeddable":true,"href":"https:\/\/christanell.net\/en\/wp-json\/wp\/v2\/comments?post=90"}],"version-history":[{"count":148,"href":"https:\/\/christanell.net\/en\/wp-json\/wp\/v2\/pages\/90\/revisions"}],"predecessor-version":[{"id":1488,"href":"https:\/\/christanell.net\/en\/wp-json\/wp\/v2\/pages\/90\/revisions\/1488"}],"wp:attachment":[{"href":"https:\/\/christanell.net\/en\/wp-json\/wp\/v2\/media?parent=90"}],"curies":[{"name":"wp","href":"https:\/\/api.w.org\/{rel}","templated":true}]}}